{"id":2,"date":"2016-05-10T03:48:21","date_gmt":"2016-05-10T03:48:21","guid":{"rendered":"http:\/\/strutwolf-photography.de\/?page_id=2"},"modified":"2021-09-21T09:41:33","modified_gmt":"2021-09-21T09:41:33","slug":"sample-page","status":"publish","type":"page","link":"https:\/\/strutwolf-photography.de\/","title":{"rendered":"Home"},"content":{"rendered":"\n<div class=\"wp-block-media-text alignwide\"><figure class=\"wp-block-media-text__media\"><img loading=\"lazy\" decoding=\"async\" width=\"1024\" height=\"683\" src=\"https:\/\/strutwolf-photography.de\/wp-content\/uploads\/2018\/12\/DSC01026web-1024x683.jpg\" alt=\"\" class=\"wp-image-284\" srcset=\"https:\/\/strutwolf-photography.de\/wp-content\/uploads\/2018\/12\/DSC01026web-1024x683.jpg 1024w, https:\/\/strutwolf-photography.de\/wp-content\/uploads\/2018\/12\/DSC01026web-300x200.jpg 300w, https:\/\/strutwolf-photography.de\/wp-content\/uploads\/2018\/12\/DSC01026web-768x512.jpg 768w, https:\/\/strutwolf-photography.de\/wp-content\/uploads\/2018\/12\/DSC01026web.jpg 1080w\" sizes=\"auto, (max-width: 1024px) 100vw, 1024px\" \/><\/figure><div class=\"wp-block-media-text__content\">\n<p>Ihr wollt ein sch\u00f6nes&nbsp;<a href=\"https:\/\/strutwolf-photography.de\/?phort_post=portrait\">Portrait<\/a>, ein Charakterportrait, eine besondere Aufnahme an einem von euch geliebten Ort? Eine Fotografie, die euch darstellt und das nat\u00fcrlich im besten Licht!&nbsp;<\/p>\n<\/div><\/div>\n\n\n\n<div class=\"wp-block-media-text alignwide\"><figure class=\"wp-block-media-text__media\"><img loading=\"lazy\" decoding=\"async\" width=\"683\" height=\"1024\" src=\"https:\/\/strutwolf-photography.de\/wp-content\/uploads\/2019\/02\/SarahStrutwolfHommsageNickKnight_web-683x1024.jpg\" alt=\"\" class=\"wp-image-276\" srcset=\"https:\/\/strutwolf-photography.de\/wp-content\/uploads\/2019\/02\/SarahStrutwolfHommsageNickKnight_web-683x1024.jpg 683w, https:\/\/strutwolf-photography.de\/wp-content\/uploads\/2019\/02\/SarahStrutwolfHommsageNickKnight_web-200x300.jpg 200w, https:\/\/strutwolf-photography.de\/wp-content\/uploads\/2019\/02\/SarahStrutwolfHommsageNickKnight_web.jpg 720w\" sizes=\"auto, (max-width: 683px) 100vw, 683px\" \/><\/figure><div class=\"wp-block-media-text__content\">\n<p>Ihr wollt eine Kunstinszenierung oder seid offen neues auszuprobieren und wollt mir und meiner Kreativit\u00e4t freien Lauf lassen? Dann w\u00e4re ein&nbsp;<a href=\"https:\/\/strutwolf-photography.de\/?phort_post=kunstportraits\">Kunstportrait<\/a>&nbsp;das richtige f\u00fcr euch!<\/p>\n<\/div><\/div>\n\n\n\n<div class=\"wp-block-media-text alignwide\"><figure class=\"wp-block-media-text__media\"><img loading=\"lazy\" decoding=\"async\" width=\"683\" height=\"1024\" src=\"https:\/\/strutwolf-photography.de\/wp-content\/uploads\/2019\/02\/DSC6180-1-683x1024.jpg\" alt=\"\" class=\"wp-image-328\" srcset=\"https:\/\/strutwolf-photography.de\/wp-content\/uploads\/2019\/02\/DSC6180-1-683x1024.jpg 683w, https:\/\/strutwolf-photography.de\/wp-content\/uploads\/2019\/02\/DSC6180-1-200x300.jpg 200w, https:\/\/strutwolf-photography.de\/wp-content\/uploads\/2019\/02\/DSC6180-1-768x1151.jpg 768w\" sizes=\"auto, (max-width: 683px) 100vw, 683px\" \/><\/figure><div class=\"wp-block-media-text__content\">\n<p>F\u00fcr eure Website oder eine Bewerbung braucht ihr professionelle&nbsp;<a href=\"https:\/\/strutwolf-photography.de\/?phort_post=business\">Businessportraits<\/a>? Ihr wollt etwas besonderes und nicht nur Standard Bewerbungsbilder? Euer Betrieb &amp; die Mitarbeiter sollen sich von der Masse abheben? Unter freiem Himmel oder bei euch im B\u00fcro, den M\u00f6glichkeiten sind keine Grenzen gesetzt. Gerne k\u00f6nnen wir einen Termin vereinbaren.<\/p>\n<\/div><\/div>\n\n\n\n<div class=\"wp-block-media-text alignwide\"><figure class=\"wp-block-media-text__media\"><img loading=\"lazy\" decoding=\"async\" width=\"1024\" height=\"683\" src=\"https:\/\/strutwolf-photography.de\/wp-content\/uploads\/2019\/02\/MoCoCocktails_web-1-1024x683.jpg\" alt=\"\" class=\"wp-image-267\" srcset=\"https:\/\/strutwolf-photography.de\/wp-content\/uploads\/2019\/02\/MoCoCocktails_web-1-1024x683.jpg 1024w, https:\/\/strutwolf-photography.de\/wp-content\/uploads\/2019\/02\/MoCoCocktails_web-1-300x200.jpg 300w, https:\/\/strutwolf-photography.de\/wp-content\/uploads\/2019\/02\/MoCoCocktails_web-1-768x512.jpg 768w, https:\/\/strutwolf-photography.de\/wp-content\/uploads\/2019\/02\/MoCoCocktails_web-1.jpg 1080w\" sizes=\"auto, (max-width: 1024px) 100vw, 1024px\" \/><\/figure><div class=\"wp-block-media-text__content\">\n<p><a href=\"https:\/\/strutwolf-photography.de\/?phort_post=stills\">Stills<\/a>&nbsp;mit Stil und Emotionen bekommt ihr bei mir! Eure Produkte sollen aus der Masse rausstechen und die wichtigsten Merkmale gut pr\u00e4sentiert und hervorgehoben werden.&nbsp;<\/p>\n<\/div><\/div>\n\n\n\n<div class=\"wp-block-media-text alignwide\"><figure class=\"wp-block-media-text__media\"><img loading=\"lazy\" decoding=\"async\" width=\"582\" height=\"1024\" src=\"https:\/\/strutwolf-photography.de\/wp-content\/uploads\/2018\/12\/L1050369-582x1024.jpg\" alt=\"\" class=\"wp-image-423\" srcset=\"https:\/\/strutwolf-photography.de\/wp-content\/uploads\/2018\/12\/L1050369-582x1024.jpg 582w, https:\/\/strutwolf-photography.de\/wp-content\/uploads\/2018\/12\/L1050369-170x300.jpg 170w, https:\/\/strutwolf-photography.de\/wp-content\/uploads\/2018\/12\/L1050369-768x1352.jpg 768w, https:\/\/strutwolf-photography.de\/wp-content\/uploads\/2018\/12\/L1050369.jpg 1136w\" sizes=\"auto, (max-width: 582px) 100vw, 582px\" \/><\/figure><div class=\"wp-block-media-text__content\">\n<p>Ihr wollt besondere Erinnerungen an euer&nbsp;<a href=\"https:\/\/strutwolf-photography.de\/?phort_post=animal\">Haustier<\/a>? Egal ob Hund, Katze, Maus, Pferd oder Exot, ich liebe alle Tiere! Gerne in gewohnter Umgebung, ich komme auch vorbei um den Stress f\u00fcr euren Liebling zu mindern!<\/p>\n<\/div><\/div>\n\n\n\n<div class=\"wp-block-media-text alignwide\"><figure class=\"wp-block-media-text__media\"><img loading=\"lazy\" decoding=\"async\" width=\"677\" height=\"1024\" src=\"https:\/\/strutwolf-photography.de\/wp-content\/uploads\/2021\/09\/L10082462-677x1024.jpg\" alt=\"\" class=\"wp-image-434\" srcset=\"https:\/\/strutwolf-photography.de\/wp-content\/uploads\/2021\/09\/L10082462-677x1024.jpg 677w, https:\/\/strutwolf-photography.de\/wp-content\/uploads\/2021\/09\/L10082462-198x300.jpg 198w, https:\/\/strutwolf-photography.de\/wp-content\/uploads\/2021\/09\/L10082462-768x1162.jpg 768w, https:\/\/strutwolf-photography.de\/wp-content\/uploads\/2021\/09\/L10082462.jpg 1322w\" sizes=\"auto, (max-width: 677px) 100vw, 677px\" \/><\/figure><div class=\"wp-block-media-text__content\">\n<p>Ihr wollt&nbsp;<a href=\"https:\/\/strutwolf-photography.de\/?phort_post=boudoir\">erotische Bilder<\/a>, aber stilvoll? Gerne! Ich arbeite seri\u00f6s und diskret. Wir machen professionelle Bilder im besten Licht! Ihr habt besondere Ideen? &#8211; dann sagt Bescheid und wir setzen sie um. Ihr habt keine Ahnung wie genau? &#8211; auch kein Problem! Wir finden das richtige.<\/p>\n<\/div><\/div>\n\n\n\n<div class=\"wp-block-media-text alignwide\"><figure class=\"wp-block-media-text__media\"><img loading=\"lazy\" decoding=\"async\" width=\"682\" height=\"1024\" src=\"https:\/\/strutwolf-photography.de\/wp-content\/uploads\/2020\/06\/L1020701insta-682x1024.jpg\" alt=\"\" class=\"wp-image-428\" srcset=\"https:\/\/strutwolf-photography.de\/wp-content\/uploads\/2020\/06\/L1020701insta-682x1024.jpg 682w, https:\/\/strutwolf-photography.de\/wp-content\/uploads\/2020\/06\/L1020701insta-200x300.jpg 200w, https:\/\/strutwolf-photography.de\/wp-content\/uploads\/2020\/06\/L1020701insta-768x1152.jpg 768w, https:\/\/strutwolf-photography.de\/wp-content\/uploads\/2020\/06\/L1020701insta.jpg 1333w\" sizes=\"auto, (max-width: 682px) 100vw, 682px\" \/><\/figure><div class=\"wp-block-media-text__content\">\n<p>Ihr wollt&nbsp;<a href=\"https:\/\/strutwolf-photography.de\/?phort_post=wedding\">emotionale Hochzeitsbilder<\/a>, echt aber traumhaft sch\u00f6n? Einmal wie eine Prinzessin f\u00fchlen oder einfach eure Liebe festhalten? Nur zu gerne begleite ich euch bei diesen intimen Momente und unterst\u00fctze euch wo ich kann.. Ich gehe gerne auf eure W\u00fcnsche ein und sorge daf\u00fcr, dass ihr wundersch\u00f6ne Erinnerungen habt. Vorab treffen wir uns und schauen ob die Chemie stimmt. Ihr k\u00f6nnt eurer Phantasie freien lauf lassen oder ich denke mir was sch\u00f6nes aus. Ganz zwanglos und in angenehmer Atmosph\u00e4re, damit das Shooting f\u00fcr euch eine Verschnaufpause vom Hochzeitsstress wird.<\/p>\n<\/div><\/div>\n\n\n\n<p><\/p>\n\n\n\n<p><\/p>\n\n\n\n<p><\/p>\n\n\n\n<p><\/p>\n\n\n\n<p>Nat\u00fcrlich gibt es auch noch andere Optionen. Ich fotografiere auch gerne Paare, Kinder, Neugeborene oder Familien und bin auch f\u00fcr Events zu buchen. Kinderbilder sind auf Grund der Privatsph\u00e4re nicht online zu finden. Ihr habt noch Fragen und einen ganz besonderen Wunsch? Dann schreibt gerne eine Mail an info@strutwolf-photography.de<\/p>\n","protected":false},"excerpt":{"rendered":"<p>Ihr wollt ein sch\u00f6nes&nbsp;Portrait, ein Charakterportrait, eine besondere Aufnahme an einem von euch geliebten Ort? Eine Fotografie, die euch darstellt und das nat\u00fcrlich im besten Licht!&nbsp; Ihr wollt eine Kunstinszenierung oder seid offen neues auszuprobieren und wollt mir und meiner Kreativit\u00e4t freien Lauf lassen? Dann &hellip; <a href=\"https:\/\/strutwolf-photography.de\/\" class=\"more-link\"><span>Continue reading<span class=\"screen-reader-text\">Home<\/span><\/span><\/a><\/p>\n","protected":false},"author":1,"featured_media":0,"parent":0,"menu_order":0,"comment_status":"closed","ping_status":"open","template":"","meta":{"footnotes":""},"class_list":["post-2","page","type-page","status-publish","hentry"],"_links":{"self":[{"href":"https:\/\/strutwolf-photography.de\/index.php?rest_route=\/wp\/v2\/pages\/2","targetHints":{"allow":["GET"]}}],"collection":[{"href":"https:\/\/strutwolf-photography.de\/index.php?rest_route=\/wp\/v2\/pages"}],"about":[{"href":"https:\/\/strutwolf-photography.de\/index.php?rest_route=\/wp\/v2\/types\/page"}],"author":[{"embeddable":true,"href":"https:\/\/strutwolf-photography.de\/index.php?rest_route=\/wp\/v2\/users\/1"}],"replies":[{"embeddable":true,"href":"https:\/\/strutwolf-photography.de\/index.php?rest_route=%2Fwp%2Fv2%2Fcomments&post=2"}],"version-history":[{"count":23,"href":"https:\/\/strutwolf-photography.de\/index.php?rest_route=\/wp\/v2\/pages\/2\/revisions"}],"predecessor-version":[{"id":438,"href":"https:\/\/strutwolf-photography.de\/index.php?rest_route=\/wp\/v2\/pages\/2\/revisions\/438"}],"wp:attachment":[{"href":"https:\/\/strutwolf-photography.de\/index.php?rest_route=%2Fwp%2Fv2%2Fmedia&parent=2"}],"curies":[{"name":"wp","href":"https:\/\/api.w.org\/{rel}","templated":true}]}}