{"id":17,"date":"2018-11-28T09:28:03","date_gmt":"2018-11-28T09:28:03","guid":{"rendered":"http:\/\/strutwolf-photography.de\/?page_id=17"},"modified":"2024-11-17T12:16:50","modified_gmt":"2024-11-17T12:16:50","slug":"impressum","status":"publish","type":"page","link":"https:\/\/strutwolf-photography.de\/?page_id=17","title":{"rendered":"Impressum"},"content":{"rendered":"\n<p><\/p>\n\n\n\n<p class=\"has-black-color has-white-background-color has-text-color has-background has-link-color wp-elements-8adb2cb9a4af295de908a4713d153b2f\">Alle Fotos auf diesen Seiten sind urheberrechtlich gesch\u00fctzt. Jegliche unerlaubte Nutzung und Vervielf\u00e4ltigung der Fotos ist untersagt.<\/p>\n\n\n\n<p>Sarah Strutwolf<br><\/p>\n\n\n\n<p>H\u00fcgelstra\u00dfe 3<\/p>\n\n\n\n<p>66969 Lemberg<\/p>\n\n\n\n<p>Deutschland<\/p>\n\n\n\n<p>Telefon: +49 152 532 77 996<\/p>\n\n\n\n<p>info@strutwolf-photography.de<\/p>\n\n\n\n<p>www.strutwolf-photography.de<\/p>\n","protected":false},"excerpt":{"rendered":"<p>Alle Fotos auf diesen Seiten sind urheberrechtlich gesch\u00fctzt. Jegliche unerlaubte Nutzung und Vervielf\u00e4ltigung der Fotos ist untersagt. Sarah Strutwolf H\u00fcgelstra\u00dfe 3 66969 Lemberg Deutschland Telefon: +49 152 532 77 996 info@strutwolf-photography.de www.strutwolf-photography.de<\/p>\n","protected":false},"author":1,"featured_media":0,"parent":0,"menu_order":0,"comment_status":"closed","ping_status":"closed","template":"","meta":{"footnotes":""},"class_list":["post-17","page","type-page","status-publish","hentry"],"_links":{"self":[{"href":"https:\/\/strutwolf-photography.de\/index.php?rest_route=\/wp\/v2\/pages\/17","targetHints":{"allow":["GET"]}}],"collection":[{"href":"https:\/\/strutwolf-photography.de\/index.php?rest_route=\/wp\/v2\/pages"}],"about":[{"href":"https:\/\/strutwolf-photography.de\/index.php?rest_route=\/wp\/v2\/types\/page"}],"author":[{"embeddable":true,"href":"https:\/\/strutwolf-photography.de\/index.php?rest_route=\/wp\/v2\/users\/1"}],"replies":[{"embeddable":true,"href":"https:\/\/strutwolf-photography.de\/index.php?rest_route=%2Fwp%2Fv2%2Fcomments&post=17"}],"version-history":[{"count":6,"href":"https:\/\/strutwolf-photography.de\/index.php?rest_route=\/wp\/v2\/pages\/17\/revisions"}],"predecessor-version":[{"id":448,"href":"https:\/\/strutwolf-photography.de\/index.php?rest_route=\/wp\/v2\/pages\/17\/revisions\/448"}],"wp:attachment":[{"href":"https:\/\/strutwolf-photography.de\/index.php?rest_route=%2Fwp%2Fv2%2Fmedia&parent=17"}],"curies":[{"name":"wp","href":"https:\/\/api.w.org\/{rel}","templated":true}]}}