{"id":11,"date":"2018-11-27T12:20:35","date_gmt":"2018-11-27T12:20:35","guid":{"rendered":"http:\/\/strutwolf-photography.de\/?page_id=11"},"modified":"2021-09-20T15:40:45","modified_gmt":"2021-09-20T15:40:45","slug":"about","status":"publish","type":"page","link":"https:\/\/strutwolf-photography.de\/?page_id=11","title":{"rendered":"About"},"content":{"rendered":"\n<figure class=\"wp-block-image\"><img loading=\"lazy\" decoding=\"async\" width=\"1024\" height=\"661\" src=\"https:\/\/strutwolf-photography.de\/wp-content\/uploads\/2021\/09\/L1020672-Kopie-1-1024x661.jpg\" alt=\"\" class=\"wp-image-413\" srcset=\"https:\/\/strutwolf-photography.de\/wp-content\/uploads\/2021\/09\/L1020672-Kopie-1-1024x661.jpg 1024w, https:\/\/strutwolf-photography.de\/wp-content\/uploads\/2021\/09\/L1020672-Kopie-1-300x194.jpg 300w, https:\/\/strutwolf-photography.de\/wp-content\/uploads\/2021\/09\/L1020672-Kopie-1-768x496.jpg 768w\" sizes=\"auto, (max-width: 1024px) 100vw, 1024px\" \/><\/figure>\n\n\n\n<p><em><strong>\u201eWir nehmen Bilder nicht mit unseren Kameras auf, sondern mit unserem Herz und unserem Verstand.\u201c<\/strong><\/em><\/p>\n\n\n\n<p><em>Arnold Newman<\/em><\/p>\n\n\n\n<p>Deswegen ist es sehr wichtig f\u00fcr mich, mir Zeit f\u00fcr Dich, meinen Kunden, zu nehmen und dich vor dem Shooting kennenzulernen. Um den Charakter eines Menschen einzufangen, muss man mehr \u00fcber ihn wissen, als den Farbton eines Hemds der perfekt zu seinem Teint passt.<strong><br><\/strong><br><\/p>\n\n\n\n<p><em><strong>\u201eJede Arbeit ist ein Selbst-Portr\u00e4t jener Person, die diese Arbeit getan hat.\u201c&nbsp;<\/strong><\/em><\/p>\n\n\n\n<p><em>Karl Pilsl<\/em><\/p>\n\n\n\n<p>Deswegen ist die Sympathie zwischen Model und Fotografen wichtig. Ich muss mich genauso wohlf\u00fchlen wie du, damit ich das bestm\u00f6gliche Ergebnis erzielen kann. Es soll uns beiden Spa\u00df machen!<\/p>\n<br>\n<br>\n\n\n\n<p><em><strong>\u201eEs gibt nur eine Regel in der Fotografie : Entwickle niemals einen Film in H\u00fcnchensuppe.\u201c&nbsp;<\/strong><\/em><\/p>\n\n\n\n<p><em>Freeman Patterson<\/em><\/p>\n\n\n\n<p>Nat\u00fcrlich muss man sein Handwerk beherrschen, aber nur nach Regeln und innerhalb der Komfortzone erreicht man nie mehr als Mittelma\u00df. Und ich will mit&nbsp; dir zusammen eigene, besondere Kunstwerke erschaffen.<br><br><\/p>\n\n\n\n<p><em><strong>\u201eJedesmal, wenn mir jemand sagt, wie scharf mein Bild ist nehme ich an, dass es sich nicht um ein sehr interessantes Foto handelt. Wenn es so w\u00e4re, dann h\u00e4tte man mehr zu sagen.\u201c<\/strong><\/em><\/p>\n\n\n\n<p><em>unbekannter Autor<\/em><\/p>\n\n\n\n<p>Mir w\u00fcrde es genau so gehen. Ein Bild kann auch interessant und genial sein mit so gut wie keiner Sch\u00e4rfe. Man muss auch mal um die Ecke denken, etwas wagen und experimentieren, um innovative, atemberaubende Bilder zu schaffen. Wenn du den Standard aus dem Fotostudio nebenan willst, dann bist du bei mir falsch. Willst du individuelle, kreative Bilder und Spa\u00df beim Shooting, dann sollten wir einen Termin machen!<br><br><\/p>\n\n\n\n<p><em><strong>\u201eEs ist ebensowenig ein Zufall, dass der Fotograf Fotograf wird, wie es ein Zufall ist, dass ein L\u00f6wenb\u00e4ndiger L\u00f6wenb\u00e4ndiger wird.\u201c<\/strong><\/em><\/p>\n\n\n\n<p><em>Dorothea Lange<\/em><\/p>\n\n\n\n<p>Viele Menschen denken, sie k\u00f6nnten fotografieren. Aber ein erfolgreicher Fotograf hat den Blick daf\u00fcr. Jeder Mensch kann etwas besonders gut. Ich bin eine hervorragende Fotografin, die nicht nur tolle Bilder macht, sondern auch den Charaker fasst.<\/p>\n<br>\n<br>\n\n\n\n<p><em><strong>\u201eDas Wesen des Menschen bei der Aufnahme sichtbar zu machen, ist die h\u00f6chste Kunst der Fotografie.\u201c<\/strong><\/em><\/p>\n\n\n\n<p><em>Friedrich D\u00fcrrenmatt<\/em><\/p>\n\n\n\n<p>Und genau darum geht es mir bei meiner Arbeit. Ich mache keine Standardisierungen und Idealsierungen von dir. Ich m\u00f6chte Dich und deinen Charakter einfangen. Meine Aufnahmen sollen Dich zeigen und was an Dir sch\u00f6n ist und nicht wie sch\u00f6n du sein k\u00f6nntest, wenn man \u00fcbertriebene Ver\u00e4nderungen vornimmt. Nat\u00fcrlich benutze ich Photoshop, retuschiere und setze Dich ins richtige Licht. Aber mein Werk soll dennoch ein Abbild deiner selbst sein und nicht aussehen wie ein anderes, idealisiertes Abbild von dir. Wenn du allerdings Lust hast wie eine Elfe oder ein Zombie auszusehen ist das was anderes. Den Spa\u00df lasse ich mir nicht entgehen!<\/p>\n<br>\n<br>\n\n\n\n<p><em><strong>\u201eDie Dinge, die mich anders machen, sind die Dinge, die mich ausmachen.\u201c<\/strong><\/em><\/p>\n\n\n\n<p><em>Puh der B\u00e4r<\/em><\/p>\n\n\n\n<p>Wie&nbsp; du vermutlich schon gemerkt hast bin ich nicht der 0815-Fotograf der nach Standardvorlage arbeitet. Ich bin anders und das ist gut so! Ich bin eine leidenschaftliche Fotografin, mit viel Humor, liebe Tiere, bin sehr gesellig und ein Charaktermensch. Vielleicht auch ein bisschen verr\u00fcckt, aber dadurch vermutlich umso kreativer. Mein Hobby ist mein Beruf und ich habe diesen professionell erlernt.<\/p>\n","protected":false},"excerpt":{"rendered":"<p>\u201eWir nehmen Bilder nicht mit unseren Kameras auf, sondern mit unserem Herz und unserem Verstand.\u201c Arnold Newman Deswegen ist es sehr wichtig f\u00fcr mich, mir Zeit f\u00fcr Dich, meinen Kunden, zu nehmen und dich vor dem Shooting kennenzulernen. Um den Charakter eines Menschen einzufangen, muss &hellip; <a href=\"https:\/\/strutwolf-photography.de\/?page_id=11\" class=\"more-link\"><span>Continue reading<span class=\"screen-reader-text\">About<\/span><\/span><\/a><\/p>\n","protected":false},"author":1,"featured_media":0,"parent":0,"menu_order":0,"comment_status":"closed","ping_status":"closed","template":"","meta":{"footnotes":""},"class_list":["post-11","page","type-page","status-publish","hentry"],"_links":{"self":[{"href":"https:\/\/strutwolf-photography.de\/index.php?rest_route=\/wp\/v2\/pages\/11","targetHints":{"allow":["GET"]}}],"collection":[{"href":"https:\/\/strutwolf-photography.de\/index.php?rest_route=\/wp\/v2\/pages"}],"about":[{"href":"https:\/\/strutwolf-photography.de\/index.php?rest_route=\/wp\/v2\/types\/page"}],"author":[{"embeddable":true,"href":"https:\/\/strutwolf-photography.de\/index.php?rest_route=\/wp\/v2\/users\/1"}],"replies":[{"embeddable":true,"href":"https:\/\/strutwolf-photography.de\/index.php?rest_route=%2Fwp%2Fv2%2Fcomments&post=11"}],"version-history":[{"count":24,"href":"https:\/\/strutwolf-photography.de\/index.php?rest_route=\/wp\/v2\/pages\/11\/revisions"}],"predecessor-version":[{"id":415,"href":"https:\/\/strutwolf-photography.de\/index.php?rest_route=\/wp\/v2\/pages\/11\/revisions\/415"}],"wp:attachment":[{"href":"https:\/\/strutwolf-photography.de\/index.php?rest_route=%2Fwp%2Fv2%2Fmedia&parent=11"}],"curies":[{"name":"wp","href":"https:\/\/api.w.org\/{rel}","templated":true}]}}